{"id":718,"date":"2018-07-17T12:01:14","date_gmt":"2018-07-17T10:01:14","guid":{"rendered":"http:\/\/sola.jublaspeichertrogen.ch\/pfarreilager\/?page_id=718"},"modified":"2024-04-18T16:40:01","modified_gmt":"2024-04-18T14:40:01","slug":"fotos-sola-18","status":"publish","type":"page","link":"https:\/\/jublalager.ch\/?page_id=718","title":{"rendered":"Foto&#8217;s Sola 18"},"content":{"rendered":"<h4><b>Jubla Erlebnis-Express\u00a0<\/b><\/h4>\n<div>Die beiden Jubla Scharen Speicher-Trogen &amp; Rotbach waren vom 8. &#8211; 21. Juli mit dem Balanbata-Express unterwegs. Erstmals stoppt der Express in den Flumserbergen, in unserem schmucken Lagerhaus, von dort aus ging es an mystische, futuristische Orte weiter. \u00dcber den Wasserweg, mit einer rasanten \u00a0Boottour, erreichten sie Akalanis im wundersamen Rheintal. Dort traf man sich mit 50 Scharen und lebte f\u00fcr eine Woche in Zeltst\u00e4tten in der Natur. Mehr zur den Erlebnissen der Jublanern gibt am Lagerr\u00fcckblick. Alle Interessierten sind herzlich eingeladen.<\/div>\n<div><\/div>\n<div id='gallery-1' class='gallery galleryid-718 gallery-columns-3 gallery-size-thumbnail'><figure class='gallery-item'>\n\t\t\t<div class='gallery-icon landscape'>\n\t\t\t\t<a href='https:\/\/jublalager.ch\/?attachment_id=717'><img decoding=\"async\" width=\"150\" height=\"150\" src=\"https:\/\/jublalager.ch\/wp-content\/uploads\/2018\/07\/DSC05036-150x150.jpg\" class=\"attachment-thumbnail size-thumbnail\" alt=\"\" srcset=\"https:\/\/jublalager.ch\/wp-content\/uploads\/2018\/07\/DSC05036-150x150.jpg 150w, https:\/\/jublalager.ch\/wp-content\/uploads\/2018\/07\/DSC05036-85x85.jpg 85w\" sizes=\"(max-width: 150px) 100vw, 150px\" \/><\/a>\n\t\t\t<\/div><\/figure><figure class='gallery-item'>\n\t\t\t<div class='gallery-icon landscape'>\n\t\t\t\t<a href='https:\/\/jublalager.ch\/?attachment_id=716'><img decoding=\"async\" width=\"150\" height=\"150\" src=\"https:\/\/jublalager.ch\/wp-content\/uploads\/2018\/07\/DSC05365-150x150.jpg\" class=\"attachment-thumbnail size-thumbnail\" alt=\"\" srcset=\"https:\/\/jublalager.ch\/wp-content\/uploads\/2018\/07\/DSC05365-150x150.jpg 150w, https:\/\/jublalager.ch\/wp-content\/uploads\/2018\/07\/DSC05365-85x85.jpg 85w\" sizes=\"(max-width: 150px) 100vw, 150px\" \/><\/a>\n\t\t\t<\/div><\/figure><figure class='gallery-item'>\n\t\t\t<div class='gallery-icon landscape'>\n\t\t\t\t<a href='https:\/\/jublalager.ch\/?attachment_id=715'><img decoding=\"async\" width=\"150\" height=\"150\" src=\"https:\/\/jublalager.ch\/wp-content\/uploads\/2018\/07\/DSC05357-150x150.jpg\" class=\"attachment-thumbnail size-thumbnail\" alt=\"\" srcset=\"https:\/\/jublalager.ch\/wp-content\/uploads\/2018\/07\/DSC05357-150x150.jpg 150w, https:\/\/jublalager.ch\/wp-content\/uploads\/2018\/07\/DSC05357-85x85.jpg 85w\" sizes=\"(max-width: 150px) 100vw, 150px\" \/><\/a>\n\t\t\t<\/div><\/figure><figure class='gallery-item'>\n\t\t\t<div class='gallery-icon landscape'>\n\t\t\t\t<a href='https:\/\/jublalager.ch\/?attachment_id=714'><img loading=\"lazy\" decoding=\"async\" width=\"150\" height=\"150\" src=\"https:\/\/jublalager.ch\/wp-content\/uploads\/2018\/07\/DSC05331-150x150.jpg\" class=\"attachment-thumbnail size-thumbnail\" alt=\"\" srcset=\"https:\/\/jublalager.ch\/wp-content\/uploads\/2018\/07\/DSC05331-150x150.jpg 150w, https:\/\/jublalager.ch\/wp-content\/uploads\/2018\/07\/DSC05331-85x85.jpg 85w\" sizes=\"(max-width: 150px) 100vw, 150px\" \/><\/a>\n\t\t\t<\/div><\/figure><figure class='gallery-item'>\n\t\t\t<div class='gallery-icon landscape'>\n\t\t\t\t<a href='https:\/\/jublalager.ch\/?attachment_id=713'><img loading=\"lazy\" decoding=\"async\" width=\"150\" height=\"150\" src=\"https:\/\/jublalager.ch\/wp-content\/uploads\/2018\/07\/DSC05330-150x150.jpg\" class=\"attachment-thumbnail size-thumbnail\" alt=\"\" srcset=\"https:\/\/jublalager.ch\/wp-content\/uploads\/2018\/07\/DSC05330-150x150.jpg 150w, https:\/\/jublalager.ch\/wp-content\/uploads\/2018\/07\/DSC05330-85x85.jpg 85w\" sizes=\"(max-width: 150px) 100vw, 150px\" \/><\/a>\n\t\t\t<\/div><\/figure><figure class='gallery-item'>\n\t\t\t<div class='gallery-icon landscape'>\n\t\t\t\t<a href='https:\/\/jublalager.ch\/?attachment_id=712'><img loading=\"lazy\" decoding=\"async\" width=\"150\" height=\"150\" src=\"https:\/\/jublalager.ch\/wp-content\/uploads\/2018\/07\/DSC05293-150x150.jpg\" class=\"attachment-thumbnail size-thumbnail\" alt=\"\" srcset=\"https:\/\/jublalager.ch\/wp-content\/uploads\/2018\/07\/DSC05293-150x150.jpg 150w, https:\/\/jublalager.ch\/wp-content\/uploads\/2018\/07\/DSC05293-85x85.jpg 85w\" sizes=\"(max-width: 150px) 100vw, 150px\" \/><\/a>\n\t\t\t<\/div><\/figure><figure class='gallery-item'>\n\t\t\t<div class='gallery-icon landscape'>\n\t\t\t\t<a href='https:\/\/jublalager.ch\/?attachment_id=711'><img loading=\"lazy\" decoding=\"async\" width=\"150\" height=\"150\" src=\"https:\/\/jublalager.ch\/wp-content\/uploads\/2018\/07\/DSC05292-150x150.jpg\" class=\"attachment-thumbnail size-thumbnail\" alt=\"\" srcset=\"https:\/\/jublalager.ch\/wp-content\/uploads\/2018\/07\/DSC05292-150x150.jpg 150w, https:\/\/jublalager.ch\/wp-content\/uploads\/2018\/07\/DSC05292-85x85.jpg 85w\" sizes=\"(max-width: 150px) 100vw, 150px\" \/><\/a>\n\t\t\t<\/div><\/figure><figure class='gallery-item'>\n\t\t\t<div class='gallery-icon landscape'>\n\t\t\t\t<a href='https:\/\/jublalager.ch\/?attachment_id=710'><img loading=\"lazy\" decoding=\"async\" width=\"150\" height=\"150\" src=\"https:\/\/jublalager.ch\/wp-content\/uploads\/2018\/07\/DSC05290-150x150.jpg\" class=\"attachment-thumbnail size-thumbnail\" alt=\"\" srcset=\"https:\/\/jublalager.ch\/wp-content\/uploads\/2018\/07\/DSC05290-150x150.jpg 150w, https:\/\/jublalager.ch\/wp-content\/uploads\/2018\/07\/DSC05290-85x85.jpg 85w\" sizes=\"(max-width: 150px) 100vw, 150px\" \/><\/a>\n\t\t\t<\/div><\/figure><figure class='gallery-item'>\n\t\t\t<div class='gallery-icon landscape'>\n\t\t\t\t<a href='https:\/\/jublalager.ch\/?attachment_id=709'><img loading=\"lazy\" decoding=\"async\" width=\"150\" height=\"150\" src=\"https:\/\/jublalager.ch\/wp-content\/uploads\/2018\/07\/DSC05056-150x150.jpg\" class=\"attachment-thumbnail size-thumbnail\" alt=\"\" srcset=\"https:\/\/jublalager.ch\/wp-content\/uploads\/2018\/07\/DSC05056-150x150.jpg 150w, https:\/\/jublalager.ch\/wp-content\/uploads\/2018\/07\/DSC05056-85x85.jpg 85w\" sizes=\"(max-width: 150px) 100vw, 150px\" \/><\/a>\n\t\t\t<\/div><\/figure><figure class='gallery-item'>\n\t\t\t<div class='gallery-icon landscape'>\n\t\t\t\t<a href='https:\/\/jublalager.ch\/?attachment_id=708'><img loading=\"lazy\" decoding=\"async\" width=\"150\" height=\"150\" src=\"https:\/\/jublalager.ch\/wp-content\/uploads\/2018\/07\/DSC05055-150x150.jpg\" class=\"attachment-thumbnail size-thumbnail\" alt=\"\" srcset=\"https:\/\/jublalager.ch\/wp-content\/uploads\/2018\/07\/DSC05055-150x150.jpg 150w, https:\/\/jublalager.ch\/wp-content\/uploads\/2018\/07\/DSC05055-85x85.jpg 85w\" sizes=\"(max-width: 150px) 100vw, 150px\" \/><\/a>\n\t\t\t<\/div><\/figure><figure class='gallery-item'>\n\t\t\t<div class='gallery-icon landscape'>\n\t\t\t\t<a href='https:\/\/jublalager.ch\/?attachment_id=707'><img loading=\"lazy\" decoding=\"async\" width=\"150\" height=\"150\" src=\"https:\/\/jublalager.ch\/wp-content\/uploads\/2018\/07\/DSC05053-150x150.jpg\" class=\"attachment-thumbnail size-thumbnail\" alt=\"\" srcset=\"https:\/\/jublalager.ch\/wp-content\/uploads\/2018\/07\/DSC05053-150x150.jpg 150w, https:\/\/jublalager.ch\/wp-content\/uploads\/2018\/07\/DSC05053-85x85.jpg 85w\" sizes=\"(max-width: 150px) 100vw, 150px\" \/><\/a>\n\t\t\t<\/div><\/figure><figure class='gallery-item'>\n\t\t\t<div class='gallery-icon landscape'>\n\t\t\t\t<a href='https:\/\/jublalager.ch\/?attachment_id=706'><img loading=\"lazy\" decoding=\"async\" width=\"150\" height=\"150\" src=\"https:\/\/jublalager.ch\/wp-content\/uploads\/2018\/07\/DSC05052-150x150.jpg\" class=\"attachment-thumbnail size-thumbnail\" alt=\"\" srcset=\"https:\/\/jublalager.ch\/wp-content\/uploads\/2018\/07\/DSC05052-150x150.jpg 150w, https:\/\/jublalager.ch\/wp-content\/uploads\/2018\/07\/DSC05052-85x85.jpg 85w\" sizes=\"(max-width: 150px) 100vw, 150px\" \/><\/a>\n\t\t\t<\/div><\/figure><figure class='gallery-item'>\n\t\t\t<div class='gallery-icon landscape'>\n\t\t\t\t<a href='https:\/\/jublalager.ch\/?attachment_id=703'><img loading=\"lazy\" decoding=\"async\" width=\"150\" height=\"150\" src=\"https:\/\/jublalager.ch\/wp-content\/uploads\/2018\/07\/DSC05040-150x150.jpg\" class=\"attachment-thumbnail size-thumbnail\" alt=\"\" srcset=\"https:\/\/jublalager.ch\/wp-content\/uploads\/2018\/07\/DSC05040-150x150.jpg 150w, https:\/\/jublalager.ch\/wp-content\/uploads\/2018\/07\/DSC05040-85x85.jpg 85w\" sizes=\"(max-width: 150px) 100vw, 150px\" \/><\/a>\n\t\t\t<\/div><\/figure><figure class='gallery-item'>\n\t\t\t<div class='gallery-icon landscape'>\n\t\t\t\t<a href='https:\/\/jublalager.ch\/?attachment_id=704'><img loading=\"lazy\" decoding=\"async\" width=\"150\" height=\"150\" src=\"https:\/\/jublalager.ch\/wp-content\/uploads\/2018\/07\/DSC05041-150x150.jpg\" class=\"attachment-thumbnail size-thumbnail\" alt=\"\" srcset=\"https:\/\/jublalager.ch\/wp-content\/uploads\/2018\/07\/DSC05041-150x150.jpg 150w, https:\/\/jublalager.ch\/wp-content\/uploads\/2018\/07\/DSC05041-85x85.jpg 85w\" sizes=\"(max-width: 150px) 100vw, 150px\" \/><\/a>\n\t\t\t<\/div><\/figure><figure class='gallery-item'>\n\t\t\t<div class='gallery-icon landscape'>\n\t\t\t\t<a href='https:\/\/jublalager.ch\/?attachment_id=705'><img loading=\"lazy\" decoding=\"async\" width=\"150\" height=\"150\" src=\"https:\/\/jublalager.ch\/wp-content\/uploads\/2018\/07\/DSC05042-150x150.jpg\" class=\"attachment-thumbnail size-thumbnail\" alt=\"\" srcset=\"https:\/\/jublalager.ch\/wp-content\/uploads\/2018\/07\/DSC05042-150x150.jpg 150w, https:\/\/jublalager.ch\/wp-content\/uploads\/2018\/07\/DSC05042-85x85.jpg 85w\" sizes=\"(max-width: 150px) 100vw, 150px\" \/><\/a>\n\t\t\t<\/div><\/figure>\n\t\t<\/div>\n\n","protected":false},"excerpt":{"rendered":"<p>Jubla Erlebnis-Express\u00a0 Die beiden Jubla Scharen Speicher-Trogen &amp; Rotbach waren vom 8. &#8211; 21. Juli mit dem Balanbata-Express unterwegs. Erstmals stoppt der Express in den Flumserbergen, in unserem schmucken Lagerhaus, von dort aus ging es an mystische, futuristische Orte weiter. \u00dcber den Wasserweg, mit einer rasanten \u00a0Boottour, erreichten sie Akalanis im wundersamen Rheintal. Dort traf [&hellip;]<\/p>\n","protected":false},"author":1,"featured_media":706,"parent":0,"menu_order":0,"comment_status":"closed","ping_status":"closed","template":"","meta":{"footnotes":""},"class_list":["post-718","page","type-page","status-publish","has-post-thumbnail","hentry"],"_links":{"self":[{"href":"https:\/\/jublalager.ch\/index.php?rest_route=\/wp\/v2\/pages\/718","targetHints":{"allow":["GET"]}}],"collection":[{"href":"https:\/\/jublalager.ch\/index.php?rest_route=\/wp\/v2\/pages"}],"about":[{"href":"https:\/\/jublalager.ch\/index.php?rest_route=\/wp\/v2\/types\/page"}],"author":[{"embeddable":true,"href":"https:\/\/jublalager.ch\/index.php?rest_route=\/wp\/v2\/users\/1"}],"replies":[{"embeddable":true,"href":"https:\/\/jublalager.ch\/index.php?rest_route=%2Fwp%2Fv2%2Fcomments&post=718"}],"version-history":[{"count":17,"href":"https:\/\/jublalager.ch\/index.php?rest_route=\/wp\/v2\/pages\/718\/revisions"}],"predecessor-version":[{"id":1729,"href":"https:\/\/jublalager.ch\/index.php?rest_route=\/wp\/v2\/pages\/718\/revisions\/1729"}],"wp:featuredmedia":[{"embeddable":true,"href":"https:\/\/jublalager.ch\/index.php?rest_route=\/wp\/v2\/media\/706"}],"wp:attachment":[{"href":"https:\/\/jublalager.ch\/index.php?rest_route=%2Fwp%2Fv2%2Fmedia&parent=718"}],"curies":[{"name":"wp","href":"https:\/\/api.w.org\/{rel}","templated":true}]}}